{"id":153,"date":"2022-02-22T09:48:06","date_gmt":"2022-02-22T09:48:06","guid":{"rendered":"http:\/\/shoreexcursionskoper.com\/about-us\/"},"modified":"2022-12-06T21:24:30","modified_gmt":"2022-12-06T21:24:30","slug":"acerca-de-nosotros","status":"publish","type":"page","link":"https:\/\/shoreexcursionskoper.com\/es\/about-us\/","title":{"rendered":"Sobre nosotros"},"content":{"rendered":"<p>Un crucero es una experiencia maravillosa. Se puede experimentar la vida en el mar sin dejar de disfrutar del lujo de un hotel. Y tiene la oportunidad de visitar muchos pa\u00edses diferentes en un corto periodo de tiempo. \u00bfQu\u00e9 es lo que no puede gustar?<\/p>\n\n\n\n<p>Quiz\u00e1s una cosa. Detenerse en un puerto durante un d\u00eda, o incluso menos, no es perfecto para experimentar realmente un pa\u00eds como se deber\u00eda.<\/p>\n\n\n\n<figure class=\"wp-block-image size-large\"><img decoding=\"async\" title=\"Shoreexcursions Koper\" src=\"https:\/\/shoreexcursionskoper.com\/wp-content\/uploads\/Shoreexcursions-Koper.webp\" alt=\"Shoreexcursions koper\" class=\"wp-image-1192\"\/><figcaption class=\"wp-element-caption\">Los cruceros parecen unas vacaciones perfectas<\/figcaption><\/figure>\n\n\n\n<p>S\u00ed, has pisado Eslovenia. Pero, \u00bfhas podido conocer realmente el pa\u00eds si s\u00f3lo has visto la ciudad en la que has aterrizado y poco m\u00e1s? Probablemente no.<\/p>\n\n\n\n<p>Nuestra misi\u00f3n es cambiar esto.<\/p>\n\n\n\n<p>Hemos fundado nuestra empresa para que las excursiones en tierra en Eslovenia sean algo que todos los pasajeros de cruceros esperen con ilusi\u00f3n. Nuestro principal objetivo es que nuestros clientes <strong>experimentar la mayor parte posible de Eslovenia <\/strong>en un<strong> por tiempo limitado y a un precio asequible<\/strong>.<\/p>\n\n\n\n<p>Al final de su crucero, deber\u00edan poder decir con orgullo que han estado en Eslovenia.<\/p>\n\n\n\n<h3 class=\"wp-block-heading\">Descubra Eslovenia desde Koper<\/h3>\n\n\n\n<p>No hay muchos otros pa\u00edses en Europa que puedan ser explorados hasta ese punto en una excursi\u00f3n en tierra de un d\u00eda. Eslovenia es un <strong>pa\u00eds peque\u00f1o<\/strong>pero tiene mucho que ver <strong>diversidad<\/strong> que un d\u00eda de experiencia aqu\u00ed es como una semana en otro lugar. Desde el Mediterr\u00e1neo hasta los Alpes, todo est\u00e1 al alcance de una excursi\u00f3n en tierra desde Koper.<\/p>\n\n\n\n<p>Cuando se hace escala en un puerto en un crucero, se suele limitar a esa ciudad y sus alrededores. Al parar en Koper, <strong>descubrir Eslovenia est\u00e1 a un paso de distancia<\/strong>. Y ese es uno de nuestros objetivos, demostrarle que Koper puede ser su puerto de escala favorito en los cruceros de todo el mundo.<\/p>\n\n\n\n<h3 class=\"wp-block-heading\">Eslovenia con sus habitantes<\/h3>\n\n\n\n<p>\u00bfQui\u00e9n podr\u00eda decirle qu\u00e9 ver en Eslovenia mejor que un local? Un local que tambi\u00e9n es un <strong>gu\u00eda profesional<\/strong>\u00a1! Nuestro equipo est\u00e1 lleno de viajeros experimentados a los que les gusta compartir las maravillas de Eslovenia con nuestros clientes. Nacidos y criados aqu\u00ed, <strong>conocen cada rinc\u00f3n<\/strong>y le ofrece la oportunidad de experimentar nuestro <strong>cultura<\/strong>Admirar nuestro <strong>naturaleza<\/strong>y probar algunos excelentes <strong>la cocina local<\/strong>.<\/p>\n\n\n\n<p>Nuestros gu\u00edas <strong>me encanta conocer gente nueva<\/strong> de todo el mundo y mostrarles la hospitalidad de los eslovenos. <\/p>\n\n\n\n<p>Y como viajar no es s\u00f3lo su trabajo, sino tambi\u00e9n una afici\u00f3n, le mostrar\u00e1n tanto la <strong>principales atracciones<\/strong> y algunos <strong>joyas ocultas<\/strong> sin multitudes de turistas. Aderezarlo con un poco de <strong>historia<\/strong> y una breve inmersi\u00f3n en el <strong>vida local<\/strong>y tienes una excursi\u00f3n en tierra perfecta.<\/p>\n\n\n\n<p>Si a\u00fan no lo ha hecho, consulte nuestra selecci\u00f3n de <a href=\"https:\/\/shoreexcursionskoper.com\/es\/viajes\/\">principales excursiones en tierra desde Koper<\/a>. Si a\u00fan no est\u00e1 seguro de qu\u00e9 elegir, <a href=\"https:\/\/shoreexcursionskoper.com\/es\/contacto-con-nosotros\/\">contacto con nosotros<\/a>. Y no hay que dudar: Eslovenia no decepciona.<\/p>","protected":false},"excerpt":{"rendered":"<p>Un crucero es una experiencia maravillosa. Se experimenta la vida en el mar sin renunciar al lujo de un hotel. Y tiene la oportunidad de visitar muchos pa\u00edses diferentes en poco tiempo. \u00bfQu\u00e9 puede no gustarle? Tal vez una cosa. Detenerse en un puerto durante un d\u00eda, o incluso menos, ... <a href=\"https:\/\/shoreexcursionskoper.com\/es\/about-us\/\">Contin\u00faa<\/a><\/p>","protected":false},"author":44,"featured_media":128,"parent":0,"menu_order":0,"comment_status":"open","ping_status":"open","template":"","meta":{"footnotes":""},"class_list":["post-153","page","type-page","status-publish","has-post-thumbnail","hentry"],"acf":{"page_subheading":"Turn your shore excursion from Koper into an unforgettable day in Slovenia, discovering its natural and cultural beauty at an affordable price."},"_links":{"self":[{"href":"https:\/\/shoreexcursionskoper.com\/es\/wp-json\/wp\/v2\/pages\/153","targetHints":{"allow":["GET"]}}],"collection":[{"href":"https:\/\/shoreexcursionskoper.com\/es\/wp-json\/wp\/v2\/pages"}],"about":[{"href":"https:\/\/shoreexcursionskoper.com\/es\/wp-json\/wp\/v2\/types\/page"}],"author":[{"embeddable":true,"href":"https:\/\/shoreexcursionskoper.com\/es\/wp-json\/wp\/v2\/users\/44"}],"replies":[{"embeddable":true,"href":"https:\/\/shoreexcursionskoper.com\/es\/wp-json\/wp\/v2\/comments?post=153"}],"version-history":[{"count":8,"href":"https:\/\/shoreexcursionskoper.com\/es\/wp-json\/wp\/v2\/pages\/153\/revisions"}],"predecessor-version":[{"id":1686,"href":"https:\/\/shoreexcursionskoper.com\/es\/wp-json\/wp\/v2\/pages\/153\/revisions\/1686"}],"wp:featuredmedia":[{"embeddable":true,"href":"https:\/\/shoreexcursionskoper.com\/es\/wp-json\/wp\/v2\/media\/128"}],"wp:attachment":[{"href":"https:\/\/shoreexcursionskoper.com\/es\/wp-json\/wp\/v2\/media?parent=153"}],"curies":[{"name":"wp","href":"https:\/\/api.w.org\/{rel}","templated":true}]}}